{"id":16,"date":"2025-01-14T10:24:38","date_gmt":"2025-01-14T13:24:38","guid":{"rendered":"https:\/\/cristianoteste1.websiteseguro.com\/site\/?page_id=16"},"modified":"2025-02-25T16:13:23","modified_gmt":"2025-02-25T19:13:23","slug":"biografia","status":"publish","type":"page","link":"https:\/\/cristianosilveiramg.com.br\/site\/?page_id=16","title":{"rendered":"Biografia"},"content":{"rendered":"\t\t<div data-elementor-type=\"wp-page\" data-elementor-id=\"16\" class=\"elementor elementor-16\" data-elementor-post-type=\"page\">\n\t\t\t\t<div class=\"elementor-element elementor-element-cc18531 e-flex e-con-boxed e-con e-parent\" data-id=\"cc18531\" data-element_type=\"container\">\n\t\t\t\t\t<div class=\"e-con-inner\">\n\t\t\t\t<div class=\"elementor-element elementor-element-4c9e9a9 elementor-widget elementor-widget-text-editor\" data-id=\"4c9e9a9\" data-element_type=\"widget\" data-widget_type=\"text-editor.default\">\n\t\t\t\t<div class=\"elementor-widget-container\">\n\t\t\t\t\t\t\t\t\t<p>Cristiano Silveira \u00e9 deputado estadual e est\u00e1 em seu terceiro mandato na Assembleia Legislativa de Minas Gerais. \u00c9 l\u00edder da minoria na ALMG, e do diret\u00f3rio estadual do Partido dos Trabalhadores. Cristiano tamb\u00e9m \u00e9 autor do livro \u201cA Comiss\u00e3o do Fim do Mundo: Hist\u00f3rias e relatos da Comiss\u00e3o de Direitos Humanos da Assembleia de Minas\u201d.<\/p><p>Natural de S\u00e3o Jo\u00e3o del-Rei, onde iniciou sua carreira pol\u00edtica como l\u00edder estudantil, Cristiano j\u00e1 foi vereador e vice-prefeito, tamb\u00e9m foi consultor da Unesco no monitoramento das a\u00e7\u00f5es de preven\u00e7\u00e3o e enfrentamento \u00e0 criminalidade em Minas Gerais por meio do Programa Nacional de Seguran\u00e7a P\u00fablica com Cidadania (Pronasci). \u00c9 graduado em Filosofia pela Universidade Federal de S\u00e3o Jo\u00e3o del-Rei (UFSJ) e p\u00f3s-graduado em Planejamento e Gest\u00e3o Estrat\u00e9gica. Na Assembleia de Minas j\u00e1 foi presidente da Comiss\u00e3o de Direitos Humanos (2015 &#8211; 2018) e 2\u00ba vice-presidente da Casa (2019-2020).<\/p><p>Cristiano \u00e9 pai at\u00edpico e autor de v\u00e1rios projetos e leis para garantir direitos a pessoas autistas e com defici\u00eancia, entre eles a lei que obriga a atendimento priorit\u00e1rio a autistas e a proposta para cria\u00e7\u00e3o de uma pol\u00edtica integrada de atendimento ao TEA. Tamb\u00e9m \u00e9 autor da Pol\u00edtica Estadual de Atendimento \u00e0 Mulher V\u00edtima de Viol\u00eancia, e de leis que garantem incentivo ao Bolsa Atleta Municipal, e san\u00e7\u00f5es a empresas condenadas por trabalho escravo. Cristiano tamb\u00e9m \u00e9 autor de projetos voltados \u00e0 educa\u00e7\u00e3o, ao direito do consumidor, \u00e0 agricultura familiar, aos artes\u00e3os, entre outros, al\u00e9m de possuir uma forte atua\u00e7\u00e3o em defesa dos direitos dos trabalhadores e dos servidores p\u00fablicos de Minas Gerais.<\/p>\t\t\t\t\t\t\t\t<\/div>\n\t\t\t\t<\/div>\n\t\t\t\t\t<\/div>\n\t\t\t\t<\/div>\n\t\t\t\t<\/div>\n\t\t","protected":false},"excerpt":{"rendered":"<p>Cristiano Silveira \u00e9 deputado estadual e est\u00e1 em seu terceiro mandato na Assembleia Legislativa de Minas Gerais. \u00c9 l\u00edder da minoria na ALMG, e do diret\u00f3rio estadual do Partido dos Trabalhadores. Cristiano tamb\u00e9m \u00e9 autor do livro \u201cA Comiss\u00e3o do Fim do Mundo: Hist\u00f3rias e relatos da Comiss\u00e3o de Direitos Humanos da Assembleia de Minas\u201d. [&hellip;]<\/p>\n","protected":false},"author":1,"featured_media":0,"parent":0,"menu_order":0,"comment_status":"closed","ping_status":"closed","template":"","meta":{"footnotes":""},"class_list":["post-16","page","type-page","status-publish","hentry","wpbf-post"],"_links":{"self":[{"href":"https:\/\/cristianosilveiramg.com.br\/site\/index.php?rest_route=\/wp\/v2\/pages\/16","targetHints":{"allow":["GET"]}}],"collection":[{"href":"https:\/\/cristianosilveiramg.com.br\/site\/index.php?rest_route=\/wp\/v2\/pages"}],"about":[{"href":"https:\/\/cristianosilveiramg.com.br\/site\/index.php?rest_route=\/wp\/v2\/types\/page"}],"author":[{"embeddable":true,"href":"https:\/\/cristianosilveiramg.com.br\/site\/index.php?rest_route=\/wp\/v2\/users\/1"}],"replies":[{"embeddable":true,"href":"https:\/\/cristianosilveiramg.com.br\/site\/index.php?rest_route=%2Fwp%2Fv2%2Fcomments&post=16"}],"version-history":[{"count":4,"href":"https:\/\/cristianosilveiramg.com.br\/site\/index.php?rest_route=\/wp\/v2\/pages\/16\/revisions"}],"predecessor-version":[{"id":8269,"href":"https:\/\/cristianosilveiramg.com.br\/site\/index.php?rest_route=\/wp\/v2\/pages\/16\/revisions\/8269"}],"wp:attachment":[{"href":"https:\/\/cristianosilveiramg.com.br\/site\/index.php?rest_route=%2Fwp%2Fv2%2Fmedia&parent=16"}],"curies":[{"name":"wp","href":"https:\/\/api.w.org\/{rel}","templated":true}]}}